{"id":25,"date":"2020-03-14T13:19:39","date_gmt":"2020-03-14T13:19:39","guid":{"rendered":"http:\/\/www.baptysci.katowice.pl\/?page_id=25"},"modified":"2023-09-17T17:44:35","modified_gmt":"2023-09-17T17:44:35","slug":"strona-glowna","status":"publish","type":"page","link":"https:\/\/www.baptysci.katowice.pl\/","title":{"rendered":""},"content":{"rendered":"\n<figure class=\"wp-block-image size-large\"><a href=\"http:\/\/www.baptysci.katowice.pl\/wp-content\/uploads\/2023\/09\/Tablica-Informacyjna.pdf\"><img loading=\"lazy\" width=\"1024\" height=\"103\" src=\"http:\/\/www.baptysci.katowice.pl\/wp-content\/uploads\/2021\/11\/EFRR_POZIOM_kolor-1024x103.jpg\" alt=\"\" class=\"wp-image-135\" srcset=\"https:\/\/www.baptysci.katowice.pl\/wp-content\/uploads\/2021\/11\/EFRR_POZIOM_kolor-1024x103.jpg 1024w, https:\/\/www.baptysci.katowice.pl\/wp-content\/uploads\/2021\/11\/EFRR_POZIOM_kolor-300x30.jpg 300w, https:\/\/www.baptysci.katowice.pl\/wp-content\/uploads\/2021\/11\/EFRR_POZIOM_kolor-768x77.jpg 768w, https:\/\/www.baptysci.katowice.pl\/wp-content\/uploads\/2021\/11\/EFRR_POZIOM_kolor.jpg 1261w\" sizes=\"(max-width: 1024px) 100vw, 1024px\" \/><\/a><\/figure>\n\n\n\n<div class=\"wp-block-group\"><div class=\"wp-block-group__inner-container\">\t\t\t<div class=\"yotu-playlist yotuwp yotu-limit-min   yotu-thumb-169  yotu-template-mix\" data-yotu=\"69e1cb55957f8\" data-page=\"1\" id=\"yotuwp-69e1cb5536d33\" data-total=\"65\" data-settings=\"eyJ0eXBlIjoicGxheWxpc3QiLCJpZCI6IlVVR0dsSlc5SGJILVgtWURrRFZTYkJwUSIsInBhZ2luYXRpb24iOiJvbiIsInBhZ2l0eXBlIjoicGFnZXIiLCJjb2x1bW4iOiI1IiwicGVyX3BhZ2UiOiI1IiwidGVtcGxhdGUiOiJtaXgiLCJ0aXRsZSI6Im9uIiwiZGVzY3JpcHRpb24iOiJvbiIsInRodW1icmF0aW8iOiIxNjkiLCJtZXRhIjoib2ZmIiwibWV0YV9kYXRhIjoib2ZmIiwibWV0YV9wb3NpdGlvbiI6Im9mZiIsImRhdGVfZm9ybWF0Ijoib2ZmIiwibWV0YV9hbGlnbiI6Im9mZiIsInN1YnNjcmliZSI6Im9mZiIsImR1cmF0aW9uIjoib2ZmIiwibWV0YV9pY29uIjoib2ZmIiwibmV4dHRleHQiOiIiLCJwcmV2dGV4dCI6IiIsImxvYWRtb3JldGV4dCI6IiIsInBsYXllciI6eyJtb2RlIjoibGFyZ2UiLCJ3aWR0aCI6IjYwMCIsInNjcm9sbGluZyI6IjEwMCIsImF1dG9wbGF5IjowLCJjb250cm9scyI6MSwibW9kZXN0YnJhbmRpbmciOjEsImxvb3AiOjAsImF1dG9uZXh0IjowLCJzaG93aW5mbyI6MSwicmVsIjoxLCJwbGF5aW5nIjoxLCJwbGF5aW5nX2Rlc2NyaXB0aW9uIjowLCJ0aHVtYm5haWxzIjowLCJjY19sb2FkX3BvbGljeSI6IjEiLCJjY19sYW5nX3ByZWYiOiIxIiwiaGwiOiIiLCJpdl9sb2FkX3BvbGljeSI6IjEifSwibGFzdF90YWIiOiJzZXR0aW5ncyIsInVzZV9hc19tb2RhbCI6Im9mZiIsIm1vZGFsX2lkIjoib2ZmIiwibGFzdF91cGRhdGUiOiIxNTg0NzM5OTIyIiwic3R5bGluZyI6eyJwYWdlcl9sYXlvdXQiOiJkZWZhdWx0IiwiYnV0dG9uIjoiMSIsImJ1dHRvbl9jb2xvciI6IiIsImJ1dHRvbl9iZ19jb2xvciI6IiIsImJ1dHRvbl9jb2xvcl9ob3ZlciI6IiIsImJ1dHRvbl9iZ19jb2xvcl9ob3ZlciI6IiIsInZpZGVvX3N0eWxlIjoiIiwicGxheWljb25fY29sb3IiOiIiLCJob3Zlcl9pY29uIjoiIiwiZ2FsbGVyeV9iZyI6IiJ9LCJlZmZlY3RzIjp7InZpZGVvX2JveCI6Inl0ZWYtZ3JvdyIsImZsaXBfZWZmZWN0IjoiIn0sImdhbGxlcnlfaWQiOiI2OWUxY2I1NTM2ZDMzIiwibmV4dCI6IkVBQWFIbEJVT2tOQlZXbEZSVkV4VFd0WmVsRnFZelJTYWtaRVVrUldSMUZWU1EiLCJwcmV2IjoiIn0=\" data-player=\"large\" data-showdesc=\"on\">\n\t\t\t\t<div>\n\t\t\t\t\t\t\t\t\t\t<div class=\"yotu-wrapper-player\" style=\"width:600px\">\n\t\t\t\t\t\t\t\t\t\t\t\t\t<div class=\"yotu-playing\">\n\t\t\t\t\t\t\t\tNabo\u017ce\u0144stwo 12 kwietnia 2026\t\t\t\t\t\t\t<\/div>\n\t\t\t\t\t\t\t\t\t\t\t\t<div class=\"yotu-player\">\n\t\t\t\t\t\t\t<div class=\"yotu-video-placeholder\" id=\"yotu-player-69e1cb55957f8\"><\/div>\n\t\t\t\t\t\t<\/div>\n\t\t\t\t\t\t<div class=\"yotu-playing-status\"><\/div>\n\t\t\t\t\t\t\t\t\t\t\t<\/div>\n\n\t\t\t\t\t<div class=\"yotu-pagination yotu-pager_layout-default yotu-pagination-top\">\n<a href=\"#\" class=\"yotu-pagination-prev yotu-button-prs yotu-button-prs-1\" data-page=\"prev\">Prev<\/a>\n<span class=\"yotu-pagination-current\">1<\/span> <span>of<\/span> <span class=\"yotu-pagination-total\">65<\/span>\n<a href=\"#\" class=\"yotu-pagination-next yotu-button-prs yotu-button-prs-1\" data-page=\"next\">Next<\/a>\n<\/div>\n<div class=\"yotu-videos yotu-mode-mix yotu-mode-grid yotu-column-5 yotu-player-mode-large\">\n\t<ul>\n\t\t\t\t\t<li class=\" yotu-first\">\n\t\t\t\t\t\t\t\t<a href=\"#cEh72kGM4ps\" class=\"yotu-video ytef-grow\" data-videoid=\"cEh72kGM4ps\" data-title=\"Nabo\u017ce\u0144stwo 12 kwietnia 2026\">\n\t\t\t\t\t<div class=\"yotu-video-thumb-wrp\">\n\t\t\t\t\t\t<div>\n\t\t\t\t\t\t\t\t\t\t\t\t\t\t<img class=\"yotu-video-thumb\" src=\"https:\/\/i.ytimg.com\/vi\/cEh72kGM4ps\/sddefault.jpg\" alt=\"Nabo\u017ce\u0144stwo 12 kwietnia 2026\"\/>\n\t\t\t\t\t\t\t\t\t\t\t\t\t<\/div>\n\t\t\t\t\t<\/div>\n\t\t\t\t\t\t\t\t\t\t\t<h3 class=\"yotu-video-title\">Nabo\u017ce\u0144stwo 12 kwietnia 2026<\/h3>\n\t\t\t\t\t\t\t\t\t\t\t\t\t\t\t\t\t\t\t\t\t<div class=\"yotu-video-description\"><\/div>\n\t\t\t\t\t\t\t\t\t<\/a>\n\t\t\t\t\t\t\t<\/li>\n\t\t\t\t\n\t\t\t\t\t\t<li class=\"\">\n\t\t\t\t\t\t\t\t<a href=\"#GbP-SI-YiLk\" class=\"yotu-video ytef-grow\" data-videoid=\"GbP-SI-YiLk\" data-title=\"Nabo\u017ce\u0144stwo 5 kwietnia 2026\">\n\t\t\t\t\t<div class=\"yotu-video-thumb-wrp\">\n\t\t\t\t\t\t<div>\n\t\t\t\t\t\t\t\t\t\t\t\t\t\t<img class=\"yotu-video-thumb\" src=\"https:\/\/i.ytimg.com\/vi\/GbP-SI-YiLk\/sddefault.jpg\" alt=\"Nabo\u017ce\u0144stwo 5 kwietnia 2026\"\/>\n\t\t\t\t\t\t\t\t\t\t\t\t\t<\/div>\n\t\t\t\t\t<\/div>\n\t\t\t\t\t\t\t\t\t\t\t<h3 class=\"yotu-video-title\">Nabo\u017ce\u0144stwo 5 kwietnia 2026<\/h3>\n\t\t\t\t\t\t\t\t\t\t\t\t\t\t\t\t\t\t\t\t\t<div class=\"yotu-video-description\"><\/div>\n\t\t\t\t\t\t\t\t\t<\/a>\n\t\t\t\t\t\t\t<\/li>\n\t\t\t\t\n\t\t\t\t\t\t<li class=\"\">\n\t\t\t\t\t\t\t\t<a href=\"#3fqyUs-dWgc\" class=\"yotu-video ytef-grow\" data-videoid=\"3fqyUs-dWgc\" data-title=\"Nabo\u017ce\u0144stwo 29 marca 2026\">\n\t\t\t\t\t<div class=\"yotu-video-thumb-wrp\">\n\t\t\t\t\t\t<div>\n\t\t\t\t\t\t\t\t\t\t\t\t\t\t<img class=\"yotu-video-thumb\" src=\"https:\/\/i.ytimg.com\/vi\/3fqyUs-dWgc\/sddefault.jpg\" alt=\"Nabo\u017ce\u0144stwo 29 marca 2026\"\/>\n\t\t\t\t\t\t\t\t\t\t\t\t\t<\/div>\n\t\t\t\t\t<\/div>\n\t\t\t\t\t\t\t\t\t\t\t<h3 class=\"yotu-video-title\">Nabo\u017ce\u0144stwo 29 marca 2026<\/h3>\n\t\t\t\t\t\t\t\t\t\t\t\t\t\t\t\t\t\t\t\t\t<div class=\"yotu-video-description\"><\/div>\n\t\t\t\t\t\t\t\t\t<\/a>\n\t\t\t\t\t\t\t<\/li>\n\t\t\t\t\n\t\t\t\t\t\t<li class=\"\">\n\t\t\t\t\t\t\t\t<a href=\"#O7kGEsUCZGM\" class=\"yotu-video ytef-grow\" data-videoid=\"O7kGEsUCZGM\" data-title=\"Nabo\u017ce\u0144stwo 22 marca 2026\">\n\t\t\t\t\t<div class=\"yotu-video-thumb-wrp\">\n\t\t\t\t\t\t<div>\n\t\t\t\t\t\t\t\t\t\t\t\t\t\t<img class=\"yotu-video-thumb\" src=\"https:\/\/i.ytimg.com\/vi\/O7kGEsUCZGM\/sddefault.jpg\" alt=\"Nabo\u017ce\u0144stwo 22 marca 2026\"\/>\n\t\t\t\t\t\t\t\t\t\t\t\t\t<\/div>\n\t\t\t\t\t<\/div>\n\t\t\t\t\t\t\t\t\t\t\t<h3 class=\"yotu-video-title\">Nabo\u017ce\u0144stwo 22 marca 2026<\/h3>\n\t\t\t\t\t\t\t\t\t\t\t\t\t\t\t\t\t\t\t\t\t<div class=\"yotu-video-description\"><\/div>\n\t\t\t\t\t\t\t\t\t<\/a>\n\t\t\t\t\t\t\t<\/li>\n\t\t\t\t\n\t\t\t\t\t\t<li class=\"\">\n\t\t\t\t\t\t\t\t<a href=\"#yTNCwQFi2nM\" class=\"yotu-video ytef-grow\" data-videoid=\"yTNCwQFi2nM\" data-title=\"Nabo\u017ce\u0144stwo 15 marca 2026\">\n\t\t\t\t\t<div class=\"yotu-video-thumb-wrp\">\n\t\t\t\t\t\t<div>\n\t\t\t\t\t\t\t\t\t\t\t\t\t\t<img class=\"yotu-video-thumb\" src=\"https:\/\/i.ytimg.com\/vi\/yTNCwQFi2nM\/sddefault.jpg\" alt=\"Nabo\u017ce\u0144stwo 15 marca 2026\"\/>\n\t\t\t\t\t\t\t\t\t\t\t\t\t<\/div>\n\t\t\t\t\t<\/div>\n\t\t\t\t\t\t\t\t\t\t\t<h3 class=\"yotu-video-title\">Nabo\u017ce\u0144stwo 15 marca 2026<\/h3>\n\t\t\t\t\t\t\t\t\t\t\t\t\t\t\t\t\t\t\t\t\t<div class=\"yotu-video-description\"><\/div>\n\t\t\t\t\t\t\t\t\t<\/a>\n\t\t\t\t\t\t\t<\/li>\n\t\t\t\t\n\t\t\t\t<\/ul>\n<\/div><div class=\"yotu-pagination yotu-pager_layout-default yotu-pagination-bottom\">\n<a href=\"#\" class=\"yotu-pagination-prev yotu-button-prs yotu-button-prs-1\" data-page=\"prev\">Prev<\/a>\n<span class=\"yotu-pagination-current\">1<\/span> <span>of<\/span> <span class=\"yotu-pagination-total\">65<\/span>\n<a href=\"#\" class=\"yotu-pagination-next yotu-button-prs yotu-button-prs-1\" data-page=\"next\">Next<\/a>\n<\/div>\n\t\t\t\t<\/div>\n\t\t\t<\/div>\n\t\t\t\n<\/div><\/div>\n\n\n\n<p class=\"has-text-align-center has-black-color has-text-color\"><br><strong>Ko\u015bci\u00f3\u0142 Chrze\u015bcijan Baptyst\u00f3w w RP<\/strong><br><strong>Pierwszy Zb\u00f3r w Katowicach (100 lecie)<\/strong> <br> Adres: ul. Morawska 10 <br>40-218 Katowice-Bogucice<br><br> Nabo\u017ce\u0144stwa w ka\u017cd\u0105 niedziel\u0119 o godzinie&nbsp;10:00 za po\u015brednictwem:&nbsp; <br> YouTube:&nbsp;<a rel=\"noreferrer noopener\" href=\"https:\/\/www.youtube.com\/channel\/UCGGlJW9HbH-X-YDkDVSbBpQ\" target=\"_blank\">https:\/\/www.youtube.com\/channel\/UCGGlJW9HbH-X-YDkDVSbBpQ<\/a> <br> oraz na stronie zboru:&nbsp;<a rel=\"noreferrer noopener\" href=\"http:\/\/www.baptysci.katowice.pl\/\" target=\"_blank\">http:\/\/www.baptysci.katowice.pl\/<\/a> <br><br>Nr rachunku bankowego Ko\u015bcio\u0142a:<br><strong>78 1020 2313 0000 3702 0193 2615<\/strong><br>PKO BP SA Oddzia\u0142 3 w Katowicach<br>ul. Dworcowa 6<br>40-012 Katowice<br><\/p>\n\n\n\n<p class=\"has-text-align-center has-black-color has-text-color\"><strong>Polish Baptist Union in the Republic of Poland<\/strong><br><strong>First Baptist Church in Katowice (100 years)<\/strong><br> Adress: ul. Morawska 10 <br>40-218 Katowice-Bogucice<br> Poland <br><br>   Services every Sunday at 10:00 am via <br>  YouTube:&nbsp;&nbsp;<a rel=\"noreferrer noopener\" href=\"https:\/\/www.youtube.com\/channel\/UCGGlJW9HbH-X-YDkDVSbBpQ\" target=\"_blank\">https:\/\/www.youtube.com\/channel\/UCGGlJW9HbH-X-YDkDVSbBpQ<\/a> <br> and on the church website:&nbsp;&nbsp;<a rel=\"noreferrer noopener\" href=\"http:\/\/www.baptysci.katowice.pl\/\" target=\"_blank\">http:\/\/www.baptysci.katowice.pl\/<\/a><br> <br>Church&#8217;s bank account number:<br><strong>SWIFT: BPKOPLPW<\/strong><br><strong>78 1020 2313 0000 3702 0193 2615<\/strong><br>PKO BP SA Oddzia\u0142 3 w Katowicach<br>ul.  Dworcowa  6<br>40-012 Katowice<br> Poland <br><\/p>\n\n\n\n<p><\/p>\n","protected":false},"excerpt":{"rendered":"<p>Ko\u015bci\u00f3\u0142 Chrze\u015bcijan Baptyst\u00f3w w RPPierwszy Zb\u00f3r w Katowicach (100 lecie) Adres: ul. Morawska 10 40-218 Katowice-Bogucice Nabo\u017ce\u0144stwa w ka\u017cd\u0105 niedziel\u0119 o godzinie&nbsp;10:00 za po\u015brednictwem:&nbsp; YouTube:&nbsp;https:\/\/www.youtube.com\/channel\/UCGGlJW9HbH-X-YDkDVSbBpQ [&#8230;]<\/p>\n","protected":false},"author":1,"featured_media":0,"parent":0,"menu_order":0,"comment_status":"closed","ping_status":"closed","template":"templates\/template-no-title.php","meta":[],"_links":{"self":[{"href":"https:\/\/www.baptysci.katowice.pl\/index.php\/wp-json\/wp\/v2\/pages\/25"}],"collection":[{"href":"https:\/\/www.baptysci.katowice.pl\/index.php\/wp-json\/wp\/v2\/pages"}],"about":[{"href":"https:\/\/www.baptysci.katowice.pl\/index.php\/wp-json\/wp\/v2\/types\/page"}],"author":[{"embeddable":true,"href":"https:\/\/www.baptysci.katowice.pl\/index.php\/wp-json\/wp\/v2\/users\/1"}],"replies":[{"embeddable":true,"href":"https:\/\/www.baptysci.katowice.pl\/index.php\/wp-json\/wp\/v2\/comments?post=25"}],"version-history":[{"count":27,"href":"https:\/\/www.baptysci.katowice.pl\/index.php\/wp-json\/wp\/v2\/pages\/25\/revisions"}],"predecessor-version":[{"id":154,"href":"https:\/\/www.baptysci.katowice.pl\/index.php\/wp-json\/wp\/v2\/pages\/25\/revisions\/154"}],"wp:attachment":[{"href":"https:\/\/www.baptysci.katowice.pl\/index.php\/wp-json\/wp\/v2\/media?parent=25"}],"curies":[{"name":"wp","href":"https:\/\/api.w.org\/{rel}","templated":true}]}}